{"id":4872,"date":"2024-08-19T11:38:41","date_gmt":"2024-08-19T11:38:41","guid":{"rendered":"https:\/\/www.motoplexpuebla.com\/?post_type=product&#038;p=4872"},"modified":"2024-09-09T07:35:48","modified_gmt":"2024-09-09T07:35:48","slug":"aprilia-sr-160-carbon","status":"publish","type":"product","link":"https:\/\/www.motoplexpuebla.com\/?product=aprilia-sr-160-carbon","title":{"rendered":"Aprilia SR 160 Carbon 2024"},"content":{"rendered":"\t\t<div data-elementor-type=\"wp-post\" data-elementor-id=\"4872\" class=\"elementor elementor-4872\">\n\t\t\t\t\t\t<section class=\"elementor-section elementor-top-section elementor-element elementor-element-a28eed7 elementor-section-full_width elementor-section-stretched elementor-hidden-tablet elementor-hidden-mobile elementor-section-height-default elementor-section-height-default\" data-id=\"a28eed7\" data-element_type=\"section\" data-settings=\"{&quot;stretch_section&quot;:&quot;section-stretched&quot;}\">\n\t\t\t\t\t\t<div class=\"elementor-container elementor-column-gap-default\">\n\t\t\t\t\t<div class=\"elementor-column elementor-col-100 elementor-top-column elementor-element elementor-element-9cb7315\" data-id=\"9cb7315\" data-element_type=\"column\">\n\t\t\t<div class=\"elementor-widget-wrap elementor-element-populated\">\n\t\t\t\t\t\t<div class=\"elementor-element elementor-element-29e6044 elementor-widget elementor-widget-image\" data-id=\"29e6044\" data-element_type=\"widget\" data-widget_type=\"image.default\">\n\t\t\t\t<div class=\"elementor-widget-container\">\n\t\t\t\t\t\t\t\t\t\t\t\t\t\t\t<img decoding=\"async\" width=\"218\" height=\"89\" src=\"https:\/\/www.motoplexpuebla.com\/wp-content\/uploads\/2024\/08\/Logo-Aprilia-Rojo.webp\" class=\"attachment-large size-large wp-image-5672\" alt=\"\" \/>\t\t\t\t\t\t\t\t\t\t\t\t\t\t\t<\/div>\n\t\t\t\t<\/div>\n\t\t\t\t<div class=\"elementor-element elementor-element-4180267 elementor-widget elementor-widget-shortcode\" data-id=\"4180267\" data-element_type=\"widget\" data-widget_type=\"shortcode.default\">\n\t\t\t\t<div class=\"elementor-widget-container\">\n\t\t\t\t\t\t\t<div class=\"elementor-shortcode\"><\/div>\n\t\t\t\t\t\t<\/div>\n\t\t\t\t<\/div>\n\t\t\t\t\t<\/div>\n\t\t<\/div>\n\t\t\t\t\t<\/div>\n\t\t<\/section>\n\t\t\t\t<section class=\"elementor-section elementor-top-section elementor-element elementor-element-0d63796 elementor-hidden-desktop elementor-section-boxed elementor-section-height-default elementor-section-height-default\" data-id=\"0d63796\" data-element_type=\"section\">\n\t\t\t\t\t\t<div class=\"elementor-container elementor-column-gap-default\">\n\t\t\t\t\t<div class=\"elementor-column elementor-col-100 elementor-top-column elementor-element elementor-element-d71e7d3\" data-id=\"d71e7d3\" data-element_type=\"column\">\n\t\t\t<div class=\"elementor-widget-wrap elementor-element-populated\">\n\t\t\t\t\t\t<div class=\"elementor-element elementor-element-2856db9 elementor-widget elementor-widget-image\" data-id=\"2856db9\" data-element_type=\"widget\" data-widget_type=\"image.default\">\n\t\t\t\t<div class=\"elementor-widget-container\">\n\t\t\t\t\t\t\t\t\t\t\t\t\t\t\t<img decoding=\"async\" width=\"218\" height=\"89\" src=\"https:\/\/www.motoplexpuebla.com\/wp-content\/uploads\/2024\/08\/Logo-Aprilia-Rojo.webp\" class=\"attachment-large size-large wp-image-5672\" alt=\"\" \/>\t\t\t\t\t\t\t\t\t\t\t\t\t\t\t<\/div>\n\t\t\t\t<\/div>\n\t\t\t\t\t<\/div>\n\t\t<\/div>\n\t\t\t\t\t<\/div>\n\t\t<\/section>\n\t\t\t\t<section class=\"elementor-section elementor-top-section elementor-element elementor-element-fbea254 elementor-hidden-desktop elementor-section-boxed elementor-section-height-default elementor-section-height-default\" data-id=\"fbea254\" data-element_type=\"section\">\n\t\t\t\t\t\t<div class=\"elementor-container elementor-column-gap-default\">\n\t\t\t\t\t<div class=\"elementor-column elementor-col-50 elementor-top-column elementor-element elementor-element-f1676f9\" data-id=\"f1676f9\" data-element_type=\"column\">\n\t\t\t<div class=\"elementor-widget-wrap elementor-element-populated\">\n\t\t\t\t\t\t<div class=\"elementor-element elementor-element-0452811 elementor-widget elementor-widget-image\" data-id=\"0452811\" data-element_type=\"widget\" data-widget_type=\"image.default\">\n\t\t\t\t<div class=\"elementor-widget-container\">\n\t\t\t\t\t\t\t\t\t\t\t\t\t\t\t<img fetchpriority=\"high\" decoding=\"async\" width=\"1024\" height=\"768\" src=\"https:\/\/www.motoplexpuebla.com\/wp-content\/uploads\/2024\/09\/sr160carbon-SR_160_Carbon-1024x768-1.webp\" class=\"attachment-large size-large wp-image-5335\" alt=\"\" srcset=\"https:\/\/www.motoplexpuebla.com\/wp-content\/uploads\/2024\/09\/sr160carbon-SR_160_Carbon-1024x768-1.webp 1024w, https:\/\/www.motoplexpuebla.com\/wp-content\/uploads\/2024\/09\/sr160carbon-SR_160_Carbon-1024x768-1-1000x750.webp 1000w, https:\/\/www.motoplexpuebla.com\/wp-content\/uploads\/2024\/09\/sr160carbon-SR_160_Carbon-1024x768-1-300x225.webp 300w, https:\/\/www.motoplexpuebla.com\/wp-content\/uploads\/2024\/09\/sr160carbon-SR_160_Carbon-1024x768-1-768x576.webp 768w\" sizes=\"(max-width: 1024px) 100vw, 1024px\" \/>\t\t\t\t\t\t\t\t\t\t\t\t\t\t\t<\/div>\n\t\t\t\t<\/div>\n\t\t\t\t\t<\/div>\n\t\t<\/div>\n\t\t\t\t<div class=\"elementor-column elementor-col-50 elementor-top-column elementor-element elementor-element-ec7e8d2\" data-id=\"ec7e8d2\" data-element_type=\"column\">\n\t\t\t<div class=\"elementor-widget-wrap elementor-element-populated\">\n\t\t\t\t\t\t<div class=\"elementor-element elementor-element-dc866ef elementor-widget elementor-widget-text-editor\" data-id=\"dc866ef\" data-element_type=\"widget\" data-widget_type=\"text-editor.default\">\n\t\t\t\t<div class=\"elementor-widget-container\">\n\t\t\t\t\t\t\t\t\t<div class=\"elementor-element elementor-element-cf25ab0 elementor-widget elementor-widget-heading\" data-id=\"cf25ab0\" data-element_type=\"widget\" data-widget_type=\"heading.default\"><div class=\"elementor-widget-container\"><h2 class=\"elementor-heading-title elementor-size-default\" style=\"text-align: center;\">Color Negro Mate<\/h2><\/div><\/div><div class=\"elementor-element elementor-element-f8197fe elementor-widget elementor-widget-text-editor\" data-id=\"f8197fe\" data-element_type=\"widget\" data-widget_type=\"text-editor.default\"><div class=\"elementor-widget-container\"><p>Adopta la est\u00e9tica cautivadora del SR Carbon, donde la elegancia se encuentra con una actitud feroz. El manillar, guardabarros y cubierta trasera con acabado en carbono se mezclan armoniosamente con el acabado mate negro del scooter, creando una declaraci\u00f3n audaz y sin interrupciones. Los tonos oscuros del Aprilia SR Carbon resaltan su forma aerodin\u00e1mica, mientras que el acabado mate a\u00f1ade un aire de lujo sobrio. Dise\u00f1ado para conductores que aprecian tanto el estilo refinado como la presencia imponente, el SR es la elecci\u00f3n indiscutible si tienes un gusto adquirido por todo lo que es carbono.<\/p><\/div><\/div>\t\t\t\t\t\t\t\t<\/div>\n\t\t\t\t<\/div>\n\t\t\t\t\t<\/div>\n\t\t<\/div>\n\t\t\t\t\t<\/div>\n\t\t<\/section>\n\t\t\t\t<section class=\"elementor-section elementor-top-section elementor-element elementor-element-961c8f2 elementor-hidden-desktop elementor-section-boxed elementor-section-height-default elementor-section-height-default\" data-id=\"961c8f2\" data-element_type=\"section\">\n\t\t\t\t\t\t<div class=\"elementor-container elementor-column-gap-default\">\n\t\t\t\t\t<div class=\"elementor-column elementor-col-50 elementor-top-column elementor-element elementor-element-a63871b\" data-id=\"a63871b\" data-element_type=\"column\">\n\t\t\t<div class=\"elementor-widget-wrap elementor-element-populated\">\n\t\t\t\t\t\t<div class=\"elementor-element elementor-element-104ad5b elementor-widget elementor-widget-image\" data-id=\"104ad5b\" data-element_type=\"widget\" data-widget_type=\"image.default\">\n\t\t\t\t<div class=\"elementor-widget-container\">\n\t\t\t\t\t\t\t\t\t\t\t\t\t\t\t<img decoding=\"async\" width=\"1024\" height=\"768\" src=\"https:\/\/www.motoplexpuebla.com\/wp-content\/uploads\/2024\/09\/sr160carbon-SR_160_Carbon_Eng-1024x768-1.webp\" class=\"attachment-large size-large wp-image-5333\" alt=\"\" srcset=\"https:\/\/www.motoplexpuebla.com\/wp-content\/uploads\/2024\/09\/sr160carbon-SR_160_Carbon_Eng-1024x768-1.webp 1024w, https:\/\/www.motoplexpuebla.com\/wp-content\/uploads\/2024\/09\/sr160carbon-SR_160_Carbon_Eng-1024x768-1-1000x750.webp 1000w, https:\/\/www.motoplexpuebla.com\/wp-content\/uploads\/2024\/09\/sr160carbon-SR_160_Carbon_Eng-1024x768-1-300x225.webp 300w, https:\/\/www.motoplexpuebla.com\/wp-content\/uploads\/2024\/09\/sr160carbon-SR_160_Carbon_Eng-1024x768-1-768x576.webp 768w\" sizes=\"(max-width: 1024px) 100vw, 1024px\" \/>\t\t\t\t\t\t\t\t\t\t\t\t\t\t\t<\/div>\n\t\t\t\t<\/div>\n\t\t\t\t\t<\/div>\n\t\t<\/div>\n\t\t\t\t<div class=\"elementor-column elementor-col-50 elementor-top-column elementor-element elementor-element-e33bb01\" data-id=\"e33bb01\" data-element_type=\"column\">\n\t\t\t<div class=\"elementor-widget-wrap elementor-element-populated\">\n\t\t\t\t\t\t<div class=\"elementor-element elementor-element-fa89f31 elementor-widget elementor-widget-text-editor\" data-id=\"fa89f31\" data-element_type=\"widget\" data-widget_type=\"text-editor.default\">\n\t\t\t\t<div class=\"elementor-widget-container\">\n\t\t\t\t\t\t\t\t\t<div class=\"elementor-element elementor-element-672b6af elementor-widget elementor-widget-heading\" data-id=\"672b6af\" data-element_type=\"widget\" data-widget_type=\"heading.default\"><div class=\"elementor-widget-container\"><h2 class=\"elementor-heading-title elementor-size-default\" style=\"text-align: center;\">El Motor i-get, Rapidez Sin Igual<\/h2><\/div><\/div><div class=\"elementor-element elementor-element-6dcaf61 elementor-widget elementor-widget-text-editor\" data-id=\"6dcaf61\" data-element_type=\"widget\" data-widget_type=\"text-editor.default\"><div class=\"elementor-widget-container\"><p>Experimenta el punto m\u00e1ximo del rendimiento de scooters, donde se unen el poder sin par y una aceleraci\u00f3n r\u00e1pida. El innovador motor i-get de 160cc ofrece la mejor aceleraci\u00f3n en su clase, dejando a los rivales atr\u00e1s. La transmisi\u00f3n CVT altamente receptiva garantiza una respuesta inmediata, haci\u00e9ndola ideal para maniobrar en espacios estrechos o para navegar a velocidades emocionantes. Disfruta de la experiencia de conducci\u00f3n definitiva mientras dominas las carreteras con la aceleraci\u00f3n inigualable del Aprilia SR.<\/p><\/div><\/div>\t\t\t\t\t\t\t\t<\/div>\n\t\t\t\t<\/div>\n\t\t\t\t\t<\/div>\n\t\t<\/div>\n\t\t\t\t\t<\/div>\n\t\t<\/section>\n\t\t\t\t<section class=\"elementor-section elementor-top-section elementor-element elementor-element-c2a2f4d elementor-hidden-desktop elementor-section-boxed elementor-section-height-default elementor-section-height-default\" data-id=\"c2a2f4d\" data-element_type=\"section\">\n\t\t\t\t\t\t<div class=\"elementor-container elementor-column-gap-default\">\n\t\t\t\t\t<div class=\"elementor-column elementor-col-50 elementor-top-column elementor-element elementor-element-32a7bb7\" data-id=\"32a7bb7\" data-element_type=\"column\">\n\t\t\t<div class=\"elementor-widget-wrap elementor-element-populated\">\n\t\t\t\t\t\t<div class=\"elementor-element elementor-element-7aabd3d elementor-widget elementor-widget-image\" data-id=\"7aabd3d\" data-element_type=\"widget\" data-widget_type=\"image.default\">\n\t\t\t\t<div class=\"elementor-widget-container\">\n\t\t\t\t\t\t\t\t\t\t\t\t\t\t\t<img loading=\"lazy\" decoding=\"async\" width=\"1024\" height=\"768\" src=\"https:\/\/www.motoplexpuebla.com\/wp-content\/uploads\/2024\/09\/sr160carbon-SR_160_Carbon_Suspension-1024x768-1.webp\" class=\"attachment-large size-large wp-image-5334\" alt=\"\" srcset=\"https:\/\/www.motoplexpuebla.com\/wp-content\/uploads\/2024\/09\/sr160carbon-SR_160_Carbon_Suspension-1024x768-1.webp 1024w, https:\/\/www.motoplexpuebla.com\/wp-content\/uploads\/2024\/09\/sr160carbon-SR_160_Carbon_Suspension-1024x768-1-1000x750.webp 1000w, https:\/\/www.motoplexpuebla.com\/wp-content\/uploads\/2024\/09\/sr160carbon-SR_160_Carbon_Suspension-1024x768-1-300x225.webp 300w, https:\/\/www.motoplexpuebla.com\/wp-content\/uploads\/2024\/09\/sr160carbon-SR_160_Carbon_Suspension-1024x768-1-768x576.webp 768w\" sizes=\"(max-width: 1024px) 100vw, 1024px\" \/>\t\t\t\t\t\t\t\t\t\t\t\t\t\t\t<\/div>\n\t\t\t\t<\/div>\n\t\t\t\t\t<\/div>\n\t\t<\/div>\n\t\t\t\t<div class=\"elementor-column elementor-col-50 elementor-top-column elementor-element elementor-element-c3f1f80\" data-id=\"c3f1f80\" data-element_type=\"column\">\n\t\t\t<div class=\"elementor-widget-wrap elementor-element-populated\">\n\t\t\t\t\t\t<div class=\"elementor-element elementor-element-adacadb elementor-widget elementor-widget-text-editor\" data-id=\"adacadb\" data-element_type=\"widget\" data-widget_type=\"text-editor.default\">\n\t\t\t\t<div class=\"elementor-widget-container\">\n\t\t\t\t\t\t\t\t\t<div class=\"elementor-element elementor-element-8757d7e elementor-widget elementor-widget-heading\" data-id=\"8757d7e\" data-element_type=\"widget\" data-widget_type=\"heading.default\"><div class=\"elementor-widget-container\"><h2 class=\"elementor-heading-title elementor-size-default\" style=\"text-align: center;\">Atraviesa el Tr\u00e1fico con Facilidad<\/h2><\/div><\/div><div class=\"elementor-element elementor-element-ebb6a0e elementor-widget elementor-widget-text-editor\" data-id=\"ebb6a0e\" data-element_type=\"widget\" data-widget_type=\"text-editor.default\"><div class=\"elementor-widget-container\">Descubre una agilidad incomparable en este scooter atl\u00e9tico, dise\u00f1ado para un manejo y rendimiento de primera. La suspensi\u00f3n delantera con horquilla telesc\u00f3pica, combinada con la suspensi\u00f3n trasera ajustable, proporciona un control receptivo mientras mejora la comodidad y maniobrabilidad. Las s\u00f3lidas ruedas de 14\u2033 con 10 radios ofrecen estabilidad y seguridad en una variedad de terrenos. El resistente marco de acero del scooter y su efectivo sistema de frenado ABS garantizan seguridad y precisi\u00f3n. Aprovecha su naturaleza \u00e1gil y domina las calles.<\/div><\/div>\t\t\t\t\t\t\t\t<\/div>\n\t\t\t\t<\/div>\n\t\t\t\t\t<\/div>\n\t\t<\/div>\n\t\t\t\t\t<\/div>\n\t\t<\/section>\n\t\t\t\t<\/div>\n\t\t","protected":false},"excerpt":{"rendered":"<p>El scooter Aprilia SR de 160cc, envuelto en un seductor tono negro mate y detalles en carbono llamar\u00e1 la atenci\u00f3n en las calles. Una declaraci\u00f3n de gusto refinado y un aprecio inquebrantable por las impactantes tonalidades del negro.<\/p>\n","protected":false},"featured_media":4873,"template":"","meta":{"site-sidebar-layout":"default","site-content-layout":"page-builder","ast-site-content-layout":"default","site-content-style":"default","site-sidebar-style":"default","ast-global-header-display":"","ast-banner-title-visibility":"","ast-main-header-display":"","ast-hfb-above-header-display":"","ast-hfb-below-header-display":"","ast-hfb-mobile-header-display":"","site-post-title":"","ast-breadcrumbs-content":"","ast-featured-img":"","footer-sml-layout":"","theme-transparent-header-meta":"default","adv-header-id-meta":"","stick-header-meta":"","header-above-stick-meta":"","header-main-stick-meta":"","header-below-stick-meta":"","astra-migrate-meta-layouts":"set","ast-page-background-enabled":"default","ast-page-background-meta":{"desktop":{"background-color":"","background-image":"","background-repeat":"repeat","background-position":"center center","background-size":"auto","background-attachment":"scroll","background-type":"","background-media":"","overlay-type":"","overlay-color":"","overlay-opacity":"","overlay-gradient":""},"tablet":{"background-color":"","background-image":"","background-repeat":"repeat","background-position":"center center","background-size":"auto","background-attachment":"scroll","background-type":"","background-media":"","overlay-type":"","overlay-color":"","overlay-opacity":"","overlay-gradient":""},"mobile":{"background-color":"","background-image":"","background-repeat":"repeat","background-position":"center center","background-size":"auto","background-attachment":"scroll","background-type":"","background-media":"","overlay-type":"","overlay-color":"","overlay-opacity":"","overlay-gradient":""}},"ast-content-background-meta":{"desktop":{"background-color":"var(--ast-global-color-5)","background-image":"","background-repeat":"repeat","background-position":"center center","background-size":"auto","background-attachment":"scroll","background-type":"","background-media":"","overlay-type":"","overlay-color":"","overlay-opacity":"","overlay-gradient":""},"tablet":{"background-color":"var(--ast-global-color-5)","background-image":"","background-repeat":"repeat","background-position":"center center","background-size":"auto","background-attachment":"scroll","background-type":"","background-media":"","overlay-type":"","overlay-color":"","overlay-opacity":"","overlay-gradient":""},"mobile":{"background-color":"var(--ast-global-color-5)","background-image":"","background-repeat":"repeat","background-position":"center center","background-size":"auto","background-attachment":"scroll","background-type":"","background-media":"","overlay-type":"","overlay-color":"","overlay-opacity":"","overlay-gradient":""}},"_joinchat":[]},"product_brand":[],"product_cat":[60],"product_tag":[],"class_list":{"0":"post-4872","1":"product","2":"type-product","3":"status-publish","4":"has-post-thumbnail","6":"product_cat-aprilia","7":"desktop-align-left","8":"tablet-align-left","9":"mobile-align-left","11":"first","12":"instock","13":"shipping-taxable","14":"purchasable","15":"product-type-variable"},"_links":{"self":[{"href":"https:\/\/www.motoplexpuebla.com\/index.php?rest_route=\/wp\/v2\/product\/4872","targetHints":{"allow":["GET"]}}],"collection":[{"href":"https:\/\/www.motoplexpuebla.com\/index.php?rest_route=\/wp\/v2\/product"}],"about":[{"href":"https:\/\/www.motoplexpuebla.com\/index.php?rest_route=\/wp\/v2\/types\/product"}],"version-history":[{"count":13,"href":"https:\/\/www.motoplexpuebla.com\/index.php?rest_route=\/wp\/v2\/product\/4872\/revisions"}],"predecessor-version":[{"id":5694,"href":"https:\/\/www.motoplexpuebla.com\/index.php?rest_route=\/wp\/v2\/product\/4872\/revisions\/5694"}],"wp:featuredmedia":[{"embeddable":true,"href":"https:\/\/www.motoplexpuebla.com\/index.php?rest_route=\/wp\/v2\/media\/4873"}],"wp:attachment":[{"href":"https:\/\/www.motoplexpuebla.com\/index.php?rest_route=%2Fwp%2Fv2%2Fmedia&parent=4872"}],"wp:term":[{"taxonomy":"product_brand","embeddable":true,"href":"https:\/\/www.motoplexpuebla.com\/index.php?rest_route=%2Fwp%2Fv2%2Fproduct_brand&post=4872"},{"taxonomy":"product_cat","embeddable":true,"href":"https:\/\/www.motoplexpuebla.com\/index.php?rest_route=%2Fwp%2Fv2%2Fproduct_cat&post=4872"},{"taxonomy":"product_tag","embeddable":true,"href":"https:\/\/www.motoplexpuebla.com\/index.php?rest_route=%2Fwp%2Fv2%2Fproduct_tag&post=4872"}],"curies":[{"name":"wp","href":"https:\/\/api.w.org\/{rel}","templated":true}]}}